{"id":160,"date":"2024-11-15T15:47:55","date_gmt":"2024-11-15T15:47:55","guid":{"rendered":"https:\/\/garagemonster.com\/?page_id=160"},"modified":"2025-03-07T13:46:00","modified_gmt":"2025-03-07T13:46:00","slug":"politique-de-confidentialite","status":"publish","type":"page","link":"https:\/\/garagemonster.com\/fr\/politique-de-confidentialite\/","title":{"rendered":"Politique de confidentialit\u00e9"},"content":{"rendered":"<div data-elementor-type=\"wp-page\" data-elementor-id=\"160\" class=\"elementor elementor-160\" data-elementor-post-type=\"page\">\n\t\t\t\t<div class=\"elementor-element elementor-element-55e19f89 e-flex e-con-boxed wpr-particle-no wpr-jarallax-no wpr-parallax-no wpr-sticky-section-no e-con e-parent\" data-id=\"55e19f89\" data-element_type=\"container\" data-settings=\"{&quot;background_background&quot;:&quot;classic&quot;}\">\n\t\t\t\t\t<div class=\"e-con-inner\">\n\t\t<div class=\"elementor-element elementor-element-3fd1460 e-con-full e-flex wpr-particle-no wpr-jarallax-no wpr-parallax-no wpr-sticky-section-no e-con e-child\" data-id=\"3fd1460\" data-element_type=\"container\">\n\t\t\t\t<div class=\"elementor-element elementor-element-2c2f558a elementor-widget elementor-widget-text-editor\" data-id=\"2c2f558a\" data-element_type=\"widget\" data-widget_type=\"text-editor.default\">\n\t\t\t\t<div class=\"elementor-widget-container\">\n\t\t\t\t\t\t\t\t\t<p>Vie priv\u00e9e<\/p>\t\t\t\t\t\t\t\t<\/div>\n\t\t\t\t<\/div>\n\t\t\t\t<div class=\"elementor-element elementor-element-142c0102 elementor-widget elementor-widget-heading\" data-id=\"142c0102\" data-element_type=\"widget\" data-widget_type=\"heading.default\">\n\t\t\t\t<div class=\"elementor-widget-container\">\n\t\t\t\t\t<h1 class=\"elementor-heading-title elementor-size-default\">Politique de confidentialit\u00e9<\/h1>\t\t\t\t<\/div>\n\t\t\t\t<\/div>\n\t\t\t\t<\/div>\n\t\t\t\t<div class=\"elementor-element elementor-element-2f4bdc72 elementor-widget__width-initial elementor-widget elementor-widget-text-editor\" data-id=\"2f4bdc72\" data-element_type=\"widget\" data-widget_type=\"text-editor.default\">\n\t\t\t\t<div class=\"elementor-widget-container\">\n\t\t\t\t\t\t\t\t\t<p>Votre vie priv\u00e9e est importante pour nous. Cette politique de confidentialit\u00e9 d\u00e9crit comment Garage Monster recueille, utilise et prot\u00e8ge vos informations lorsque vous utilisez notre site web.<\/p>\t\t\t\t\t\t\t\t<\/div>\n\t\t\t\t<\/div>\n\t\t\t\t\t<\/div>\n\t\t\t\t<\/div>\n\t\t<div class=\"elementor-element elementor-element-69d252f e-flex e-con-boxed wpr-particle-no wpr-jarallax-no wpr-parallax-no wpr-sticky-section-no e-con e-parent\" data-id=\"69d252f\" data-element_type=\"container\" data-settings=\"{&quot;background_background&quot;:&quot;classic&quot;}\">\n\t\t\t\t\t<div class=\"e-con-inner\">\n\t\t\t\t<div class=\"elementor-element elementor-element-14763b6 elementor-widget elementor-widget-html\" data-id=\"14763b6\" data-element_type=\"widget\" data-widget_type=\"html.default\">\n\t\t\t\t<div class=\"elementor-widget-container\">\n\t\t\t\t\t<ol>\n    <li>\n        <p>Informations collect\u00e9es<\/p>\n        <ul>\n            <li>Informations personnelles : Le nom, l'adresse \u00e9lectronique, le num\u00e9ro de t\u00e9l\u00e9phone et tous les d\u00e9tails fournis dans les formulaires.<\/li>\n            <li>Donn\u00e9es d'utilisation : Adresse IP, type de navigateur, pages visit\u00e9es et temps pass\u00e9 sur le site.<\/li>\n        <\/ul>\n    <\/li>\n    <li>\n        <p>Comment nous utilisons vos informations<\/p>\n        <ul>\n            <li>Traiter les demandes et fournir des services.<\/li>\n            <li>Am\u00e9liorer notre site web et l'exp\u00e9rience de nos clients.<\/li>\n            <li>Pour communiquer des mises \u00e0 jour, des promotions ou du contenu pertinent.<\/li>\n        <\/ul>\n    <\/li>\n    <li>\n        <p>Partage des informations<\/p>\n        <p>Nous ne vendons ni ne partageons vos informations avec des tiers, sauf :<\/p>\n        <ul>\n            <li>Avec des prestataires de services pour l'ex\u00e9cution de fonctions commerciales.<\/li>\n            <li>Lorsque la loi l'exige ou pour prot\u00e9ger nos droits.<\/li>\n        <\/ul>\n    <\/li>\n    <li>\n        <p>Mesures de s\u00e9curit\u00e9<\/p>\n        <p>Nous mettons en \u0153uvre des mesures de s\u00e9curit\u00e9 appropri\u00e9es pour prot\u00e9ger vos donn\u00e9es contre tout acc\u00e8s ou toute divulgation non autoris\u00e9s.<\/p>\n    <\/li>\n    <li>\n        <p>Cookies et tra\u00e7abilit\u00e9<\/p>\n        <p>Nous utilisons des cookies pour am\u00e9liorer votre exp\u00e9rience et analyser le trafic sur le site web. Si vous le souhaitez, vous pouvez d\u00e9sactiver les cookies en modifiant les param\u00e8tres de votre navigateur.<\/p>\n    <\/li>\n    <li>\n        <p>Vos droits<\/p>\n        <p>Vous pouvez demander l'acc\u00e8s, la mise \u00e0 jour ou la suppression de vos informations personnelles en nous contactant.<\/p>\n    <\/li>\n    <li>\n        <p>Mises \u00e0 jour de la pr\u00e9sente politique<\/p>\n        <p>Nous pouvons mettre \u00e0 jour cette politique de temps \u00e0 autre. Nous vous invitons \u00e0 la consulter r\u00e9guli\u00e8rement pour prendre connaissance des changements \u00e9ventuels.<\/p>\n    <\/li>\n<\/ol>\t\t\t\t<\/div>\n\t\t\t\t<\/div>\n\t\t\t\t\t<\/div>\n\t\t\t\t<\/div>\n\t\t<div class=\"elementor-element elementor-element-133a18d e-flex e-con-boxed wpr-particle-no wpr-jarallax-no wpr-parallax-no wpr-sticky-section-no e-con e-parent\" data-id=\"133a18d\" data-element_type=\"container\" data-settings=\"{&quot;background_background&quot;:&quot;classic&quot;}\">\n\t\t\t\t\t<div class=\"e-con-inner\">\n\t\t<div class=\"elementor-element elementor-element-4a04c630 e-con-full e-flex wpr-particle-no wpr-jarallax-no wpr-parallax-no wpr-sticky-section-no e-con e-child\" data-id=\"4a04c630\" data-element_type=\"container\">\n\t\t\t\t<div class=\"elementor-element elementor-element-3a235129 elementor-widget elementor-widget-text-editor\" data-id=\"3a235129\" data-element_type=\"widget\" data-widget_type=\"text-editor.default\">\n\t\t\t\t<div class=\"elementor-widget-container\">\n\t\t\t\t\t\t\t\t\t<p>Vous avez d'autres questions ? N'h\u00e9sitez pas \u00e0 nous contacter directement<\/p>\t\t\t\t\t\t\t\t<\/div>\n\t\t\t\t<\/div>\n\t\t\t\t<div class=\"elementor-element elementor-element-14278ddf elementor-absolute elementor-widget elementor-widget-text-editor\" data-id=\"14278ddf\" data-element_type=\"widget\" data-settings=\"{&quot;_position&quot;:&quot;absolute&quot;}\" data-widget_type=\"text-editor.default\">\n\t\t\t\t<div class=\"elementor-widget-container\">\n\t\t\t\t\t\t\t\t\t<p>Contactez nous<\/p>\t\t\t\t\t\t\t\t<\/div>\n\t\t\t\t<\/div>\n\t\t\t\t<\/div>\n\t\t\t\t<div class=\"elementor-element elementor-element-3ff2ff6d elementor-widget elementor-widget-button\" data-id=\"3ff2ff6d\" data-element_type=\"widget\" data-widget_type=\"button.default\">\n\t\t\t\t<div class=\"elementor-widget-container\">\n\t\t\t\t\t\t\t\t\t<div class=\"elementor-button-wrapper\">\n\t\t\t\t\t<a class=\"elementor-button elementor-button-link elementor-size-sm\" href=\"https:\/\/garagemonster.com\/fr\/nous-contacter\/\">\n\t\t\t\t\t\t<span class=\"elementor-button-content-wrapper\">\n\t\t\t\t\t\t\t\t\t<span class=\"elementor-button-text\">Nous contacter<\/span>\n\t\t\t\t\t<\/span>\n\t\t\t\t\t<\/a>\n\t\t\t\t<\/div>\n\t\t\t\t\t\t\t\t<\/div>\n\t\t\t\t<\/div>\n\t\t\t\t\t<\/div>\n\t\t\t\t<\/div>\n\t\t\t\t<\/div>","protected":false},"excerpt":{"rendered":"<p>Protection de la vie priv\u00e9e Votre vie priv\u00e9e est importante pour nous. Cette politique de confidentialit\u00e9 d\u00e9crit comment Garage Monster recueille, utilise et prot\u00e8ge vos informations lorsque vous utilisez notre site web. Informations que nous recueillons Informations personnelles : Nom, e-mail, num\u00e9ro de t\u00e9l\u00e9phone et tous les d\u00e9tails fournis par le biais de formulaires. Donn\u00e9es d'utilisation : Adresse IP, type de navigateur, pages visit\u00e9es et temps pass\u00e9 sur le site. Comment nous utilisons vos informations Pour traiter les demandes et fournir des services. Pour am\u00e9liorer notre site web et l'exp\u00e9rience de nos clients. Pour communiquer des mises \u00e0 jour, des promotions ou du contenu pertinent. Partage de vos informations Nous ne vendons ni ne partageons vos informations avec des tiers, \u00e0 l'exception des cas suivants Avec des fournisseurs de services pour ex\u00e9cuter des fonctions commerciales. lorsque la loi l'exige ou pour prot\u00e9ger nos droits. Mesures de s\u00e9curit\u00e9 Nous mettons en \u0153uvre des mesures de s\u00e9curit\u00e9 appropri\u00e9es pour prot\u00e9ger vos donn\u00e9es contre tout acc\u00e8s ou toute divulgation non autoris\u00e9s. Cookies et suivi Nous utilisons des cookies pour am\u00e9liorer votre exp\u00e9rience et analyser le trafic sur le site web. Vous pouvez r\u00e9gler les param\u00e8tres de votre navigateur pour d\u00e9sactiver les cookies si vous le souhaitez. Vos droits Vous pouvez demander l'acc\u00e8s, la mise \u00e0 jour ou la suppression de vos informations personnelles en nous contactant. Mises \u00e0 jour de la pr\u00e9sente politique Nous pouvons mettre \u00e0 jour la pr\u00e9sente politique de temps \u00e0 autre. Nous vous invitons \u00e0 la consulter r\u00e9guli\u00e8rement pour prendre connaissance des changements \u00e9ventuels. Vous avez d'autres questions ? N'h\u00e9sitez pas \u00e0 nous contacter directement Contactez-nous Contactez-nous<\/p>","protected":false},"author":2,"featured_media":0,"parent":0,"menu_order":0,"comment_status":"closed","ping_status":"closed","template":"","meta":{"_acf_changed":false,"footnotes":""},"class_list":["post-160","page","type-page","status-publish","hentry"],"acf":[],"yoast_head":"<!-- This site is optimized with the Yoast SEO plugin v25.7 - https:\/\/yoast.com\/wordpress\/plugins\/seo\/ -->\n<title>Privacy Policy - Garage Monster<\/title>\n<meta name=\"description\" content=\"Learn how Garage Monster protects your data. Read our privacy policy to understand how we collect, use, and secure your information.\" \/>\n<meta name=\"robots\" content=\"index, follow, max-snippet:-1, max-image-preview:large, max-video-preview:-1\" \/>\n<link rel=\"canonical\" href=\"https:\/\/garagemonster.com\/fr\/politique-de-confidentialite\/\" \/>\n<meta property=\"og:locale\" content=\"fr_CA\" \/>\n<meta property=\"og:type\" content=\"article\" \/>\n<meta property=\"og:title\" content=\"Privacy Policy - Garage Monster\" \/>\n<meta property=\"og:description\" content=\"Learn how Garage Monster protects your data. Read our privacy policy to understand how we collect, use, and secure your information.\" \/>\n<meta property=\"og:url\" content=\"https:\/\/garagemonster.com\/fr\/politique-de-confidentialite\/\" \/>\n<meta property=\"og:site_name\" content=\"Garage Monster\" \/>\n<meta property=\"article:publisher\" content=\"https:\/\/www.facebook.com\/garagemonsterepoxyfloor\/\" \/>\n<meta property=\"article:modified_time\" content=\"2025-03-07T13:46:00+00:00\" \/>\n<meta name=\"twitter:card\" content=\"summary_large_image\" \/>\n<meta name=\"twitter:label1\" content=\"Estimation du temps de lecture\" \/>\n\t<meta name=\"twitter:data1\" content=\"1 minute\" \/>\n<script type=\"application\/ld+json\" class=\"yoast-schema-graph\">{\"@context\":\"https:\/\/schema.org\",\"@graph\":[{\"@type\":\"WebPage\",\"@id\":\"https:\/\/garagemonster.com\/privacy-policy\/\",\"url\":\"https:\/\/garagemonster.com\/privacy-policy\/\",\"name\":\"Privacy Policy - Garage Monster\",\"isPartOf\":{\"@id\":\"https:\/\/garagemonster.com\/#website\"},\"datePublished\":\"2024-11-15T15:47:55+00:00\",\"dateModified\":\"2025-03-07T13:46:00+00:00\",\"description\":\"Learn how Garage Monster protects your data. Read our privacy policy to understand how we collect, use, and secure your information.\",\"breadcrumb\":{\"@id\":\"https:\/\/garagemonster.com\/privacy-policy\/#breadcrumb\"},\"inLanguage\":\"fr-CA\",\"potentialAction\":[{\"@type\":\"ReadAction\",\"target\":[\"https:\/\/garagemonster.com\/privacy-policy\/\"]}]},{\"@type\":\"BreadcrumbList\",\"@id\":\"https:\/\/garagemonster.com\/privacy-policy\/#breadcrumb\",\"itemListElement\":[{\"@type\":\"ListItem\",\"position\":1,\"name\":\"Home\",\"item\":\"https:\/\/garagemonster.com\/\"},{\"@type\":\"ListItem\",\"position\":2,\"name\":\"Privacy Policy\"}]},{\"@type\":\"WebSite\",\"@id\":\"https:\/\/garagemonster.com\/#website\",\"url\":\"https:\/\/garagemonster.com\/\",\"name\":\"Garage Monster\",\"description\":\"\",\"publisher\":{\"@id\":\"https:\/\/garagemonster.com\/#organization\"},\"potentialAction\":[{\"@type\":\"SearchAction\",\"target\":{\"@type\":\"EntryPoint\",\"urlTemplate\":\"https:\/\/garagemonster.com\/?s={search_term_string}\"},\"query-input\":{\"@type\":\"PropertyValueSpecification\",\"valueRequired\":true,\"valueName\":\"search_term_string\"}}],\"inLanguage\":\"fr-CA\"},{\"@type\":\"Organization\",\"@id\":\"https:\/\/garagemonster.com\/#organization\",\"name\":\"Garage Monster\",\"url\":\"https:\/\/garagemonster.com\/\",\"logo\":{\"@type\":\"ImageObject\",\"inLanguage\":\"fr-CA\",\"@id\":\"https:\/\/garagemonster.com\/#\/schema\/logo\/image\/\",\"url\":\"https:\/\/garagemonster.com\/wp-content\/uploads\/2024\/11\/cropped-logo.png\",\"contentUrl\":\"https:\/\/garagemonster.com\/wp-content\/uploads\/2024\/11\/cropped-logo.png\",\"width\":173,\"height\":92,\"caption\":\"Garage Monster\"},\"image\":{\"@id\":\"https:\/\/garagemonster.com\/#\/schema\/logo\/image\/\"},\"sameAs\":[\"https:\/\/www.facebook.com\/garagemonsterepoxyfloor\/\"]}]}<\/script>\n<!-- \/ Yoast SEO plugin. -->","yoast_head_json":{"title":"Politique de confidentialit\u00e9 - Garage Monster","description":"D\u00e9couvrez comment Garage Monster prot\u00e8ge vos donn\u00e9es. Lisez notre politique de confidentialit\u00e9 pour comprendre comment nous collectons, utilisons et s\u00e9curisons vos informations.","robots":{"index":"index","follow":"follow","max-snippet":"max-snippet:-1","max-image-preview":"max-image-preview:large","max-video-preview":"max-video-preview:-1"},"canonical":"https:\/\/garagemonster.com\/fr\/politique-de-confidentialite\/","og_locale":"fr_CA","og_type":"article","og_title":"Privacy Policy - Garage Monster","og_description":"Learn how Garage Monster protects your data. Read our privacy policy to understand how we collect, use, and secure your information.","og_url":"https:\/\/garagemonster.com\/fr\/politique-de-confidentialite\/","og_site_name":"Garage Monster","article_publisher":"https:\/\/www.facebook.com\/garagemonsterepoxyfloor\/","article_modified_time":"2025-03-07T13:46:00+00:00","twitter_card":"summary_large_image","twitter_misc":{"Estimation du temps de lecture":"1 minute"},"schema":{"@context":"https:\/\/schema.org","@graph":[{"@type":"WebPage","@id":"https:\/\/garagemonster.com\/privacy-policy\/","url":"https:\/\/garagemonster.com\/privacy-policy\/","name":"Politique de confidentialit\u00e9 - Garage Monster","isPartOf":{"@id":"https:\/\/garagemonster.com\/#website"},"datePublished":"2024-11-15T15:47:55+00:00","dateModified":"2025-03-07T13:46:00+00:00","description":"D\u00e9couvrez comment Garage Monster prot\u00e8ge vos donn\u00e9es. Lisez notre politique de confidentialit\u00e9 pour comprendre comment nous collectons, utilisons et s\u00e9curisons vos informations.","breadcrumb":{"@id":"https:\/\/garagemonster.com\/privacy-policy\/#breadcrumb"},"inLanguage":"fr-CA","potentialAction":[{"@type":"ReadAction","target":["https:\/\/garagemonster.com\/privacy-policy\/"]}]},{"@type":"BreadcrumbList","@id":"https:\/\/garagemonster.com\/privacy-policy\/#breadcrumb","itemListElement":[{"@type":"ListItem","position":1,"name":"Home","item":"https:\/\/garagemonster.com\/"},{"@type":"ListItem","position":2,"name":"Privacy Policy"}]},{"@type":"WebSite","@id":"https:\/\/garagemonster.com\/#website","url":"https:\/\/garagemonster.com\/","name":"Garage Monster","description":"","publisher":{"@id":"https:\/\/garagemonster.com\/#organization"},"potentialAction":[{"@type":"SearchAction","target":{"@type":"EntryPoint","urlTemplate":"https:\/\/garagemonster.com\/?s={search_term_string}"},"query-input":{"@type":"PropertyValueSpecification","valueRequired":true,"valueName":"search_term_string"}}],"inLanguage":"fr-CA"},{"@type":"Organization","@id":"https:\/\/garagemonster.com\/#organization","name":"Garage Monster","url":"https:\/\/garagemonster.com\/","logo":{"@type":"ImageObject","inLanguage":"fr-CA","@id":"https:\/\/garagemonster.com\/#\/schema\/logo\/image\/","url":"https:\/\/garagemonster.com\/wp-content\/uploads\/2024\/11\/cropped-logo.png","contentUrl":"https:\/\/garagemonster.com\/wp-content\/uploads\/2024\/11\/cropped-logo.png","width":173,"height":92,"caption":"Garage Monster"},"image":{"@id":"https:\/\/garagemonster.com\/#\/schema\/logo\/image\/"},"sameAs":["https:\/\/www.facebook.com\/garagemonsterepoxyfloor\/"]}]}},"_links":{"self":[{"href":"https:\/\/garagemonster.com\/fr\/wp-json\/wp\/v2\/pages\/160","targetHints":{"allow":["GET"]}}],"collection":[{"href":"https:\/\/garagemonster.com\/fr\/wp-json\/wp\/v2\/pages"}],"about":[{"href":"https:\/\/garagemonster.com\/fr\/wp-json\/wp\/v2\/types\/page"}],"author":[{"embeddable":true,"href":"https:\/\/garagemonster.com\/fr\/wp-json\/wp\/v2\/users\/2"}],"replies":[{"embeddable":true,"href":"https:\/\/garagemonster.com\/fr\/wp-json\/wp\/v2\/comments?post=160"}],"version-history":[{"count":0,"href":"https:\/\/garagemonster.com\/fr\/wp-json\/wp\/v2\/pages\/160\/revisions"}],"wp:attachment":[{"href":"https:\/\/garagemonster.com\/fr\/wp-json\/wp\/v2\/media?parent=160"}],"curies":[{"name":"wp","href":"https:\/\/api.w.org\/{rel}","templated":true}]}}