{"id":162,"date":"2024-11-15T15:48:08","date_gmt":"2024-11-15T15:48:08","guid":{"rendered":"https:\/\/garagemonster.com\/?page_id=162"},"modified":"2025-03-07T13:46:26","modified_gmt":"2025-03-07T13:46:26","slug":"conditions-generales","status":"publish","type":"page","link":"https:\/\/garagemonster.com\/fr\/conditions-generales\/","title":{"rendered":"Conditions g\u00e9n\u00e9rales d'utilisation"},"content":{"rendered":"<div data-elementor-type=\"wp-page\" data-elementor-id=\"162\" class=\"elementor elementor-162\" data-elementor-post-type=\"page\">\n\t\t\t\t<div class=\"elementor-element elementor-element-7d581fa9 e-flex e-con-boxed wpr-particle-no wpr-jarallax-no wpr-parallax-no wpr-sticky-section-no e-con e-parent\" data-id=\"7d581fa9\" data-element_type=\"container\" data-settings=\"{&quot;background_background&quot;:&quot;classic&quot;}\">\n\t\t\t\t\t<div class=\"e-con-inner\">\n\t\t<div class=\"elementor-element elementor-element-18d0357d e-con-full e-flex wpr-particle-no wpr-jarallax-no wpr-parallax-no wpr-sticky-section-no e-con e-child\" data-id=\"18d0357d\" data-element_type=\"container\">\n\t\t\t\t<div class=\"elementor-element elementor-element-45f51ec elementor-widget elementor-widget-text-editor\" data-id=\"45f51ec\" data-element_type=\"widget\" data-widget_type=\"text-editor.default\">\n\t\t\t\t<div class=\"elementor-widget-container\">\n\t\t\t\t\t\t\t\t\ttermes\t\t\t\t\t\t\t\t<\/div>\n\t\t\t\t<\/div>\n\t\t\t\t<div class=\"elementor-element elementor-element-68c80ddd elementor-widget elementor-widget-heading\" data-id=\"68c80ddd\" data-element_type=\"widget\" data-widget_type=\"heading.default\">\n\t\t\t\t<div class=\"elementor-widget-container\">\n\t\t\t\t\t<h1 class=\"elementor-heading-title elementor-size-default\">Conditions g\u00e9n\u00e9rales d'utilisation<\/h1>\t\t\t\t<\/div>\n\t\t\t\t<\/div>\n\t\t\t\t<\/div>\n\t\t\t\t<div class=\"elementor-element elementor-element-7a1ffded elementor-widget__width-initial elementor-widget elementor-widget-text-editor\" data-id=\"7a1ffded\" data-element_type=\"widget\" data-widget_type=\"text-editor.default\">\n\t\t\t\t<div class=\"elementor-widget-container\">\n\t\t\t\t\t\t\t\t\t<p>Bienvenue sur le site de Garage Monster. En acc\u00e9dant \u00e0 notre site web ou en l'utilisant, vous acceptez les pr\u00e9sentes conditions g\u00e9n\u00e9rales.<\/p>\t\t\t\t\t\t\t\t<\/div>\n\t\t\t\t<\/div>\n\t\t\t\t\t<\/div>\n\t\t\t\t<\/div>\n\t\t<div class=\"elementor-element elementor-element-1982ebeb e-flex e-con-boxed wpr-particle-no wpr-jarallax-no wpr-parallax-no wpr-sticky-section-no e-con e-parent\" data-id=\"1982ebeb\" data-element_type=\"container\" data-settings=\"{&quot;background_background&quot;:&quot;classic&quot;}\">\n\t\t\t\t\t<div class=\"e-con-inner\">\n\t\t\t\t<div class=\"elementor-element elementor-element-59564de3 elementor-widget elementor-widget-html\" data-id=\"59564de3\" data-element_type=\"widget\" data-widget_type=\"html.default\">\n\t\t\t\t<div class=\"elementor-widget-container\">\n\t\t\t\t\t<ol>\n    <li>\n        <p>Utilisation du site web<\/p>\n        <p>Vous acceptez de ne pas utiliser le site \u00e0 mauvais escient, notamment en tentant de le pirater ou d'en perturber le fonctionnement.<\/p>\n    <\/li>\n    <li>\n        <p>Propri\u00e9t\u00e9 intellectuelle<\/p>\n        <ul>\n            <li>Tout le contenu de ce site web, y compris les images, les textes et les logos, est la propri\u00e9t\u00e9 de Garage Monster et est prot\u00e9g\u00e9 par les lois sur les droits d'auteur.<\/li>\n            <li>Vous ne pouvez pas reproduire ou distribuer le contenu sans autorisation \u00e9crite pr\u00e9alable.<\/li>\n        <\/ul>\n    <\/li>\n    <li>\n        <p>Produits et services<\/p>\n        <ul>\n            <li>Toutes les descriptions et tous les prix peuvent \u00eatre modifi\u00e9s sans pr\u00e9avis.<\/li>\n            <li>Nous nous r\u00e9servons le droit de limiter ou de refuser toute commande \u00e0 notre discr\u00e9tion.<\/li>\n        <\/ul>\n    <\/li>\n    <li>\n        <p>Limitation de la responsabilit\u00e9<\/p>\n        <p>Garage Monster n'est pas responsable des dommages r\u00e9sultant de l'utilisation ou de l'impossibilit\u00e9 d'utiliser le site web ou ses services.<\/p>\n    <\/li>\n    <li>\n        <p>Liens vers des sites tiers<\/p>\n        <p>Nous pouvons fournir des liens vers des sites web de tiers. Nous ne sommes pas responsables de leur contenu ou de leurs pratiques.<\/p>\n    <\/li>\n<\/ol>\t\t\t\t<\/div>\n\t\t\t\t<\/div>\n\t\t\t\t\t<\/div>\n\t\t\t\t<\/div>\n\t\t<div class=\"elementor-element elementor-element-38e8b0f3 e-flex e-con-boxed wpr-particle-no wpr-jarallax-no wpr-parallax-no wpr-sticky-section-no e-con e-parent\" data-id=\"38e8b0f3\" data-element_type=\"container\" data-settings=\"{&quot;background_background&quot;:&quot;classic&quot;}\">\n\t\t\t\t\t<div class=\"e-con-inner\">\n\t\t<div class=\"elementor-element elementor-element-19abd89 e-con-full e-flex wpr-particle-no wpr-jarallax-no wpr-parallax-no wpr-sticky-section-no e-con e-child\" data-id=\"19abd89\" data-element_type=\"container\">\n\t\t\t\t<div class=\"elementor-element elementor-element-26038bd1 elementor-widget elementor-widget-text-editor\" data-id=\"26038bd1\" data-element_type=\"widget\" data-widget_type=\"text-editor.default\">\n\t\t\t\t<div class=\"elementor-widget-container\">\n\t\t\t\t\t\t\t\t\t<p>Vous avez d'autres questions ? N'h\u00e9sitez pas \u00e0 nous contacter directement<\/p>\t\t\t\t\t\t\t\t<\/div>\n\t\t\t\t<\/div>\n\t\t\t\t<div class=\"elementor-element elementor-element-19e13e29 elementor-absolute elementor-widget elementor-widget-text-editor\" data-id=\"19e13e29\" data-element_type=\"widget\" data-settings=\"{&quot;_position&quot;:&quot;absolute&quot;}\" data-widget_type=\"text-editor.default\">\n\t\t\t\t<div class=\"elementor-widget-container\">\n\t\t\t\t\t\t\t\t\t<p>Contactez nous<\/p>\t\t\t\t\t\t\t\t<\/div>\n\t\t\t\t<\/div>\n\t\t\t\t<\/div>\n\t\t\t\t<div class=\"elementor-element elementor-element-626c8fc elementor-widget elementor-widget-button\" data-id=\"626c8fc\" data-element_type=\"widget\" data-widget_type=\"button.default\">\n\t\t\t\t<div class=\"elementor-widget-container\">\n\t\t\t\t\t\t\t\t\t<div class=\"elementor-button-wrapper\">\n\t\t\t\t\t<a class=\"elementor-button elementor-button-link elementor-size-sm\" href=\"https:\/\/garagemonster.com\/fr\/nous-contacter\/\">\n\t\t\t\t\t\t<span class=\"elementor-button-content-wrapper\">\n\t\t\t\t\t\t\t\t\t<span class=\"elementor-button-text\">Nous contacter<\/span>\n\t\t\t\t\t<\/span>\n\t\t\t\t\t<\/a>\n\t\t\t\t<\/div>\n\t\t\t\t\t\t\t\t<\/div>\n\t\t\t\t<\/div>\n\t\t\t\t\t<\/div>\n\t\t\t\t<\/div>\n\t\t\t\t<\/div>","protected":false},"excerpt":{"rendered":"<p>conditions g\u00e9n\u00e9rales Conditions g\u00e9n\u00e9rales Bienvenue sur le site de Garage Monster. En acc\u00e9dant \u00e0 notre site web ou en l'utilisant, vous acceptez les pr\u00e9sentes conditions g\u00e9n\u00e9rales. Utilisation du site web Vous acceptez de ne pas utiliser le site \u00e0 mauvais escient, y compris en tentant de le pirater ou d'en perturber le fonctionnement. Propri\u00e9t\u00e9 intellectuellen Tout le contenu de ce site Web, y compris les images, les textes et les logos, est la propri\u00e9t\u00e9 de Garage Monster et est prot\u00e9g\u00e9 par les lois sur les droits d'auteur. Il est interdit de reproduire ou de distribuer le contenu sans autorisation \u00e9crite pr\u00e9alable. Produits et services Toutes les descriptions et tous les prix peuvent \u00eatre modifi\u00e9s sans pr\u00e9avis. Nous nous r\u00e9servons le droit de limiter ou de refuser toute commande \u00e0 notre discr\u00e9tion. Limitation de responsabilit\u00e9 Garage Monster n'est pas responsable des dommages r\u00e9sultant de l'utilisation ou de l'impossibilit\u00e9 d'utiliser le site web ou ses services. Liens vers des sites tiers Nous pouvons fournir des liens vers des sites tiers. Nous ne sommes pas responsables de leur contenu ou de leurs pratiques. Vous avez d'autres questions ? N'h\u00e9sitez pas \u00e0 NOUS CONTACTER directement Contactez-nous Contactez-nous<\/p>","protected":false},"author":2,"featured_media":0,"parent":0,"menu_order":0,"comment_status":"closed","ping_status":"closed","template":"","meta":{"_acf_changed":false,"footnotes":""},"class_list":["post-162","page","type-page","status-publish","hentry"],"acf":[],"yoast_head":"<!-- This site is optimized with the Yoast SEO plugin v25.7 - https:\/\/yoast.com\/wordpress\/plugins\/seo\/ -->\n<title>Terms &amp; Conditions - Garage Monster<\/title>\n<meta name=\"description\" content=\"Review Garage Monster&#039;s terms and conditions to learn about our services, your rights, and our commitments.\" \/>\n<meta name=\"robots\" content=\"index, follow, max-snippet:-1, max-image-preview:large, max-video-preview:-1\" \/>\n<link rel=\"canonical\" href=\"https:\/\/garagemonster.com\/fr\/conditions-generales\/\" \/>\n<meta property=\"og:locale\" content=\"fr_CA\" \/>\n<meta property=\"og:type\" content=\"article\" \/>\n<meta property=\"og:title\" content=\"Terms &amp; Conditions - Garage Monster\" \/>\n<meta property=\"og:description\" content=\"Review Garage Monster&#039;s terms and conditions to learn about our services, your rights, and our commitments.\" \/>\n<meta property=\"og:url\" content=\"https:\/\/garagemonster.com\/fr\/conditions-generales\/\" \/>\n<meta property=\"og:site_name\" content=\"Garage Monster\" \/>\n<meta property=\"article:publisher\" content=\"https:\/\/www.facebook.com\/garagemonsterepoxyfloor\/\" \/>\n<meta property=\"article:modified_time\" content=\"2025-03-07T13:46:26+00:00\" \/>\n<meta name=\"twitter:card\" content=\"summary_large_image\" \/>\n<meta name=\"twitter:label1\" content=\"Estimation du temps de lecture\" \/>\n\t<meta name=\"twitter:data1\" content=\"1 minute\" \/>\n<script type=\"application\/ld+json\" class=\"yoast-schema-graph\">{\"@context\":\"https:\/\/schema.org\",\"@graph\":[{\"@type\":\"WebPage\",\"@id\":\"https:\/\/garagemonster.com\/terms-conditions\/\",\"url\":\"https:\/\/garagemonster.com\/terms-conditions\/\",\"name\":\"Terms &amp; Conditions - Garage Monster\",\"isPartOf\":{\"@id\":\"https:\/\/garagemonster.com\/#website\"},\"datePublished\":\"2024-11-15T15:48:08+00:00\",\"dateModified\":\"2025-03-07T13:46:26+00:00\",\"description\":\"Review Garage Monster's terms and conditions to learn about our services, your rights, and our commitments.\",\"breadcrumb\":{\"@id\":\"https:\/\/garagemonster.com\/terms-conditions\/#breadcrumb\"},\"inLanguage\":\"fr-CA\",\"potentialAction\":[{\"@type\":\"ReadAction\",\"target\":[\"https:\/\/garagemonster.com\/terms-conditions\/\"]}]},{\"@type\":\"BreadcrumbList\",\"@id\":\"https:\/\/garagemonster.com\/terms-conditions\/#breadcrumb\",\"itemListElement\":[{\"@type\":\"ListItem\",\"position\":1,\"name\":\"Home\",\"item\":\"https:\/\/garagemonster.com\/\"},{\"@type\":\"ListItem\",\"position\":2,\"name\":\"Terms &amp; Conditions\"}]},{\"@type\":\"WebSite\",\"@id\":\"https:\/\/garagemonster.com\/#website\",\"url\":\"https:\/\/garagemonster.com\/\",\"name\":\"Garage Monster\",\"description\":\"\",\"publisher\":{\"@id\":\"https:\/\/garagemonster.com\/#organization\"},\"potentialAction\":[{\"@type\":\"SearchAction\",\"target\":{\"@type\":\"EntryPoint\",\"urlTemplate\":\"https:\/\/garagemonster.com\/?s={search_term_string}\"},\"query-input\":{\"@type\":\"PropertyValueSpecification\",\"valueRequired\":true,\"valueName\":\"search_term_string\"}}],\"inLanguage\":\"fr-CA\"},{\"@type\":\"Organization\",\"@id\":\"https:\/\/garagemonster.com\/#organization\",\"name\":\"Garage Monster\",\"url\":\"https:\/\/garagemonster.com\/\",\"logo\":{\"@type\":\"ImageObject\",\"inLanguage\":\"fr-CA\",\"@id\":\"https:\/\/garagemonster.com\/#\/schema\/logo\/image\/\",\"url\":\"https:\/\/garagemonster.com\/wp-content\/uploads\/2024\/11\/cropped-logo.png\",\"contentUrl\":\"https:\/\/garagemonster.com\/wp-content\/uploads\/2024\/11\/cropped-logo.png\",\"width\":173,\"height\":92,\"caption\":\"Garage Monster\"},\"image\":{\"@id\":\"https:\/\/garagemonster.com\/#\/schema\/logo\/image\/\"},\"sameAs\":[\"https:\/\/www.facebook.com\/garagemonsterepoxyfloor\/\"]}]}<\/script>\n<!-- \/ Yoast SEO plugin. -->","yoast_head_json":{"title":"Conditions g\u00e9n\u00e9rales - Garage Monster","description":"Consultez les conditions g\u00e9n\u00e9rales de Garage Monster pour en savoir plus sur nos services, vos droits et nos engagements.","robots":{"index":"index","follow":"follow","max-snippet":"max-snippet:-1","max-image-preview":"max-image-preview:large","max-video-preview":"max-video-preview:-1"},"canonical":"https:\/\/garagemonster.com\/fr\/conditions-generales\/","og_locale":"fr_CA","og_type":"article","og_title":"Terms &amp; Conditions - Garage Monster","og_description":"Review Garage Monster's terms and conditions to learn about our services, your rights, and our commitments.","og_url":"https:\/\/garagemonster.com\/fr\/conditions-generales\/","og_site_name":"Garage Monster","article_publisher":"https:\/\/www.facebook.com\/garagemonsterepoxyfloor\/","article_modified_time":"2025-03-07T13:46:26+00:00","twitter_card":"summary_large_image","twitter_misc":{"Estimation du temps de lecture":"1 minute"},"schema":{"@context":"https:\/\/schema.org","@graph":[{"@type":"WebPage","@id":"https:\/\/garagemonster.com\/terms-conditions\/","url":"https:\/\/garagemonster.com\/terms-conditions\/","name":"Conditions g\u00e9n\u00e9rales - Garage Monster","isPartOf":{"@id":"https:\/\/garagemonster.com\/#website"},"datePublished":"2024-11-15T15:48:08+00:00","dateModified":"2025-03-07T13:46:26+00:00","description":"Consultez les conditions g\u00e9n\u00e9rales de Garage Monster pour en savoir plus sur nos services, vos droits et nos engagements.","breadcrumb":{"@id":"https:\/\/garagemonster.com\/terms-conditions\/#breadcrumb"},"inLanguage":"fr-CA","potentialAction":[{"@type":"ReadAction","target":["https:\/\/garagemonster.com\/terms-conditions\/"]}]},{"@type":"BreadcrumbList","@id":"https:\/\/garagemonster.com\/terms-conditions\/#breadcrumb","itemListElement":[{"@type":"ListItem","position":1,"name":"Home","item":"https:\/\/garagemonster.com\/"},{"@type":"ListItem","position":2,"name":"Terms &amp; Conditions"}]},{"@type":"WebSite","@id":"https:\/\/garagemonster.com\/#website","url":"https:\/\/garagemonster.com\/","name":"Garage Monster","description":"","publisher":{"@id":"https:\/\/garagemonster.com\/#organization"},"potentialAction":[{"@type":"SearchAction","target":{"@type":"EntryPoint","urlTemplate":"https:\/\/garagemonster.com\/?s={search_term_string}"},"query-input":{"@type":"PropertyValueSpecification","valueRequired":true,"valueName":"search_term_string"}}],"inLanguage":"fr-CA"},{"@type":"Organization","@id":"https:\/\/garagemonster.com\/#organization","name":"Garage Monster","url":"https:\/\/garagemonster.com\/","logo":{"@type":"ImageObject","inLanguage":"fr-CA","@id":"https:\/\/garagemonster.com\/#\/schema\/logo\/image\/","url":"https:\/\/garagemonster.com\/wp-content\/uploads\/2024\/11\/cropped-logo.png","contentUrl":"https:\/\/garagemonster.com\/wp-content\/uploads\/2024\/11\/cropped-logo.png","width":173,"height":92,"caption":"Garage Monster"},"image":{"@id":"https:\/\/garagemonster.com\/#\/schema\/logo\/image\/"},"sameAs":["https:\/\/www.facebook.com\/garagemonsterepoxyfloor\/"]}]}},"_links":{"self":[{"href":"https:\/\/garagemonster.com\/fr\/wp-json\/wp\/v2\/pages\/162","targetHints":{"allow":["GET"]}}],"collection":[{"href":"https:\/\/garagemonster.com\/fr\/wp-json\/wp\/v2\/pages"}],"about":[{"href":"https:\/\/garagemonster.com\/fr\/wp-json\/wp\/v2\/types\/page"}],"author":[{"embeddable":true,"href":"https:\/\/garagemonster.com\/fr\/wp-json\/wp\/v2\/users\/2"}],"replies":[{"embeddable":true,"href":"https:\/\/garagemonster.com\/fr\/wp-json\/wp\/v2\/comments?post=162"}],"version-history":[{"count":0,"href":"https:\/\/garagemonster.com\/fr\/wp-json\/wp\/v2\/pages\/162\/revisions"}],"wp:attachment":[{"href":"https:\/\/garagemonster.com\/fr\/wp-json\/wp\/v2\/media?parent=162"}],"curies":[{"name":"wp","href":"https:\/\/api.w.org\/{rel}","templated":true}]}}