{"id":22,"date":"2024-11-14T19:36:23","date_gmt":"2024-11-14T19:36:23","guid":{"rendered":"https:\/\/garagemonster.com\/?page_id=22"},"modified":"2025-03-10T14:49:55","modified_gmt":"2025-03-10T14:49:55","slug":"nous-contacter","status":"publish","type":"page","link":"https:\/\/garagemonster.com\/fr\/nous-contacter\/","title":{"rendered":"Nous contacter"},"content":{"rendered":"<div data-elementor-type=\"wp-page\" data-elementor-id=\"22\" class=\"elementor elementor-22\" data-elementor-post-type=\"page\">\n\t\t\t\t<div class=\"elementor-element elementor-element-4e419be1 e-flex e-con-boxed wpr-particle-no wpr-jarallax-no wpr-parallax-no wpr-sticky-section-no e-con e-parent\" data-id=\"4e419be1\" data-element_type=\"container\" data-settings=\"{&quot;background_background&quot;:&quot;classic&quot;}\">\n\t\t\t\t\t<div class=\"e-con-inner\">\n\t\t\t\t<div class=\"elementor-element elementor-element-46ca22b5 elementor-widget elementor-widget-text-editor\" data-id=\"46ca22b5\" data-element_type=\"widget\" data-widget_type=\"text-editor.default\">\n\t\t\t\t<div class=\"elementor-widget-container\">\n\t\t\t\t\t\t\t\t\tD\u00e9couvrez le pouvoir de la transformation d'un garage\t\t\t\t\t\t\t\t<\/div>\n\t\t\t\t<\/div>\n\t\t\t\t<div class=\"elementor-element elementor-element-57271140 elementor-widget elementor-widget-heading\" data-id=\"57271140\" data-element_type=\"widget\" data-widget_type=\"heading.default\">\n\t\t\t\t<div class=\"elementor-widget-container\">\n\t\t\t\t\t<h1 class=\"elementor-heading-title elementor-size-default\">Nous contacter<\/h1>\t\t\t\t<\/div>\n\t\t\t\t<\/div>\n\t\t\t\t<div class=\"elementor-element elementor-element-7fb6cde8 elementor-widget__width-initial elementor-widget-mobile__width-inherit elementor-widget elementor-widget-text-editor\" data-id=\"7fb6cde8\" data-element_type=\"widget\" data-widget_type=\"text-editor.default\">\n\t\t\t\t<div class=\"elementor-widget-container\">\n\t\t\t\t\t\t\t\t\tContactez-nous facilement pour toute question ou demande d'information. Que vous pr\u00e9f\u00e9riez nous appeler, nous envoyer un courriel ou utiliser notre formulaire de contact, nous sommes l\u00e0 pour vous aider !\t\t\t\t\t\t\t\t<\/div>\n\t\t\t\t<\/div>\n\t\t\t\t\t<\/div>\n\t\t\t\t<\/div>\n\t\t<div class=\"elementor-element elementor-element-76ae803 e-flex e-con-boxed wpr-particle-no wpr-jarallax-no wpr-parallax-no wpr-sticky-section-no e-con e-parent\" data-id=\"76ae803\" data-element_type=\"container\" data-settings=\"{&quot;background_background&quot;:&quot;classic&quot;}\">\n\t\t\t\t\t<div class=\"e-con-inner\">\n\t\t<div class=\"elementor-element elementor-element-a72b72d e-con-full e-flex wpr-particle-no wpr-jarallax-no wpr-parallax-no wpr-sticky-section-no e-con e-child\" data-id=\"a72b72d\" data-element_type=\"container\">\n\t\t<div class=\"elementor-element elementor-element-f5424c4 e-con-full e-flex wpr-particle-no wpr-jarallax-no wpr-parallax-no wpr-sticky-section-no e-con e-child\" data-id=\"f5424c4\" data-element_type=\"container\">\n\t\t\t\t<div class=\"elementor-element elementor-element-b9c3601 elementor-view-default elementor-widget elementor-widget-icon\" data-id=\"b9c3601\" data-element_type=\"widget\" data-widget_type=\"icon.default\">\n\t\t\t\t<div class=\"elementor-widget-container\">\n\t\t\t\t\t\t\t<div class=\"elementor-icon-wrapper\">\n\t\t\t<div class=\"elementor-icon\">\n\t\t\t<svg xmlns=\"http:\/\/www.w3.org\/2000\/svg\" width=\"34\" height=\"46\" viewbox=\"0 0 34 46\" fill=\"none\"><path d=\"M15.2422 44.7462C2.41016 26.2892 0.125 24.3556 0.125 17.5001C0.125 8.18372 7.5957 0.625122 17 0.625122C26.3164 0.625122 33.875 8.18372 33.875 17.5001C33.875 24.3556 31.502 26.2892 18.6699 44.7462C17.8789 45.9767 16.0332 45.9767 15.2422 44.7462ZM17 24.5314C20.8672 24.5314 24.0312 21.4552 24.0312 17.5001C24.0312 13.6329 20.8672 10.4689 17 10.4689C13.0449 10.4689 9.96875 13.6329 9.96875 17.5001C9.96875 21.4552 13.0449 24.5314 17 24.5314Z\" fill=\"#F6A316\"><\/path><\/svg>\t\t\t<\/div>\n\t\t<\/div>\n\t\t\t\t\t\t<\/div>\n\t\t\t\t<\/div>\n\t\t\t\t<div class=\"elementor-element elementor-element-49dcd55 elementor-widget elementor-widget-text-editor\" data-id=\"49dcd55\" data-element_type=\"widget\" data-widget_type=\"text-editor.default\">\n\t\t\t\t<div class=\"elementor-widget-container\">\n\t\t\t\t\t\t\t\t\tLocalisation des bureaux\t\t\t\t\t\t\t\t<\/div>\n\t\t\t\t<\/div>\n\t\t\t\t<div class=\"elementor-element elementor-element-ef1e320 elementor-widget elementor-widget-text-editor\" data-id=\"ef1e320\" data-element_type=\"widget\" data-widget_type=\"text-editor.default\">\n\t\t\t\t<div class=\"elementor-widget-container\">\n\t\t\t\t\t\t\t\t\t<p>301, local 105, Rue Omer-Deserres, Blainville, QC J7C 0K2, Canada<\/p>\t\t\t\t\t\t\t\t<\/div>\n\t\t\t\t<\/div>\n\t\t\t\t<\/div>\n\t\t<div class=\"elementor-element elementor-element-5ecf944 e-con-full e-flex wpr-particle-no wpr-jarallax-no wpr-parallax-no wpr-sticky-section-no e-con e-child\" data-id=\"5ecf944\" data-element_type=\"container\" data-settings=\"{&quot;background_background&quot;:&quot;classic&quot;}\">\n\t\t\t\t<div class=\"elementor-element elementor-element-f270985 elementor-view-default elementor-widget elementor-widget-icon\" data-id=\"f270985\" data-element_type=\"widget\" data-widget_type=\"icon.default\">\n\t\t\t\t<div class=\"elementor-widget-container\">\n\t\t\t\t\t\t\t<div class=\"elementor-icon-wrapper\">\n\t\t\t<div class=\"elementor-icon\">\n\t\t\t<svg xmlns=\"http:\/\/www.w3.org\/2000\/svg\" width=\"46\" height=\"34\" viewbox=\"0 0 46 34\" fill=\"none\"><path d=\"M44.6211 11.4122C44.9727 11.1486 45.5 11.4122 45.5 11.8517V29.7814C45.5 32.1544 43.5664 34.0001 41.2812 34.0001H4.71875C2.3457 34.0001 0.5 32.1544 0.5 29.7814V11.8517C0.5 11.4122 0.939453 11.1486 1.29102 11.4122C3.3125 12.9943 5.86133 14.9279 14.8262 21.4318C16.6719 22.7501 19.8359 25.6505 23 25.6505C26.0762 25.6505 29.3281 22.7501 31.0859 21.4318C40.0508 14.9279 42.5996 12.9943 44.6211 11.4122ZM23 22.7501C20.8906 22.838 17.9902 20.2013 16.4961 19.1466C4.80664 10.7091 3.92773 9.91809 1.29102 7.80872C0.763672 7.45715 0.5 6.84192 0.5 6.13879V4.46887C0.5 2.18372 2.3457 0.250122 4.71875 0.250122H41.2812C43.5664 0.250122 45.5 2.18372 45.5 4.46887V6.13879C45.5 6.84192 45.1484 7.45715 44.6211 7.80872C41.9844 9.91809 41.1055 10.7091 29.416 19.1466C27.9219 20.2013 25.0215 22.838 23 22.7501Z\" fill=\"white\"><\/path><\/svg>\t\t\t<\/div>\n\t\t<\/div>\n\t\t\t\t\t\t<\/div>\n\t\t\t\t<\/div>\n\t\t\t\t<div class=\"elementor-element elementor-element-8d990e4 elementor-widget elementor-widget-text-editor\" data-id=\"8d990e4\" data-element_type=\"widget\" data-widget_type=\"text-editor.default\">\n\t\t\t\t<div class=\"elementor-widget-container\">\n\t\t\t\t\t\t\t\t\tAdresse e-mail\t\t\t\t\t\t\t\t<\/div>\n\t\t\t\t<\/div>\n\t\t\t\t<div class=\"elementor-element elementor-element-c9e8119 elementor-widget elementor-widget-text-editor\" data-id=\"c9e8119\" data-element_type=\"widget\" data-widget_type=\"text-editor.default\">\n\t\t\t\t<div class=\"elementor-widget-container\">\n\t\t\t\t\t\t\t\t\t<a href=\"mailto:info@garagemonster.com\">info@garagemonster.com<\/a>\t\t\t\t\t\t\t\t<\/div>\n\t\t\t\t<\/div>\n\t\t\t\t<\/div>\n\t\t<div class=\"elementor-element elementor-element-8aedacd e-con-full e-flex wpr-particle-no wpr-jarallax-no wpr-parallax-no wpr-sticky-section-no e-con e-child\" data-id=\"8aedacd\" data-element_type=\"container\">\n\t\t\t\t<div class=\"elementor-element elementor-element-f2e8a85 elementor-view-default elementor-widget elementor-widget-icon\" data-id=\"f2e8a85\" data-element_type=\"widget\" data-widget_type=\"icon.default\">\n\t\t\t\t<div class=\"elementor-widget-container\">\n\t\t\t\t\t\t\t<div class=\"elementor-icon-wrapper\">\n\t\t\t<div class=\"elementor-icon\">\n\t\t\t<svg xmlns=\"http:\/\/www.w3.org\/2000\/svg\" width=\"40\" height=\"40\" viewbox=\"0 0 40 40\" fill=\"none\"><path d=\"M35.4688 0.437622C37.7539 0.437622 39.6875 2.37122 39.6875 4.65637V35.5939C39.6875 37.9669 37.7539 39.8126 35.4688 39.8126H4.53125C2.1582 39.8126 0.3125 37.9669 0.3125 35.5939V4.65637C0.3125 2.37122 2.1582 0.437622 4.53125 0.437622H35.4688ZM33.9746 27.5079C33.9746 27.42 33.9746 27.3322 34.0625 27.1564C33.9746 26.629 33.7109 26.1896 33.1836 26.0138L27.0312 23.3771C26.9434 23.2892 26.7676 23.2892 26.5918 23.2013C26.1523 23.2892 25.8008 23.465 25.5371 23.7286L22.8125 27.0685C18.5059 25.047 15.0781 21.6193 13.0566 17.3126L16.3965 14.588C16.6602 14.3243 16.8359 13.9728 16.9238 13.5333C16.8359 13.3575 16.8359 13.1818 16.748 13.0939L14.1113 6.94153C13.9355 6.41418 13.4961 6.15051 12.9688 6.06262C12.793 6.15051 12.7051 6.15051 12.6172 6.15051L6.9043 7.46887C6.37695 7.64465 5.9375 8.08411 5.9375 8.69934C5.9375 22.8497 17.3633 34.1876 31.4258 34.1876C32.041 34.1876 32.5684 33.8361 32.6562 33.2208L33.9746 27.5079Z\" fill=\"#F6A316\"><\/path><\/svg>\t\t\t<\/div>\n\t\t<\/div>\n\t\t\t\t\t\t<\/div>\n\t\t\t\t<\/div>\n\t\t\t\t<div class=\"elementor-element elementor-element-99b23bc elementor-widget elementor-widget-text-editor\" data-id=\"99b23bc\" data-element_type=\"widget\" data-widget_type=\"text-editor.default\">\n\t\t\t\t<div class=\"elementor-widget-container\">\n\t\t\t\t\t\t\t\t\tT\u00e9l\u00e9phone au bureau\t\t\t\t\t\t\t\t<\/div>\n\t\t\t\t<\/div>\n\t\t\t\t<div class=\"elementor-element elementor-element-ea61c50 elementor-widget elementor-widget-text-editor\" data-id=\"ea61c50\" data-element_type=\"widget\" data-widget_type=\"text-editor.default\">\n\t\t\t\t<div class=\"elementor-widget-container\">\n\t\t\t\t\t\t\t\t\t<p><span data-teams=\"true\"><a title=\"tel:18889685685\" target=\"_blank\" rel=\"noreferrer noopener\">1 (888) 968-5685<\/a><\/span><\/p>\t\t\t\t\t\t\t\t<\/div>\n\t\t\t\t<\/div>\n\t\t\t\t<\/div>\n\t\t\t\t<\/div>\n\t\t<div class=\"elementor-element elementor-element-fb28a0c e-con-full e-flex wpr-particle-no wpr-jarallax-no wpr-parallax-no wpr-sticky-section-no e-con e-child\" data-id=\"fb28a0c\" data-element_type=\"container\">\n\t\t\t\t<div class=\"elementor-element elementor-element-13b9484 elementor-widget elementor-widget-text-editor\" data-id=\"13b9484\" data-element_type=\"widget\" data-widget_type=\"text-editor.default\">\n\t\t\t\t<div class=\"elementor-widget-container\">\n\t\t\t\t\t\t\t\t\tSupport t\u00e9l\u00e9phonique\n\t\t\t\t\t\t\t\t<\/div>\n\t\t\t\t<\/div>\n\t\t<div class=\"elementor-element elementor-element-b31cb52 e-con-full e-flex wpr-particle-no wpr-jarallax-no wpr-parallax-no wpr-sticky-section-no e-con e-child\" data-id=\"b31cb52\" data-element_type=\"container\">\n\t\t\t\t<div class=\"elementor-element elementor-element-303ed2e elementor-widget elementor-widget-text-editor\" data-id=\"303ed2e\" data-element_type=\"widget\" data-widget_type=\"text-editor.default\">\n\t\t\t\t<div class=\"elementor-widget-container\">\n\t\t\t\t\t\t\t\t\tDu lundi au vendredi : 9h00 - 18h00\t\t\t\t\t\t\t\t<\/div>\n\t\t\t\t<\/div>\n\t\t\t\t<div class=\"elementor-element elementor-element-a6cef75 elementor-widget elementor-widget-text-editor\" data-id=\"a6cef75\" data-element_type=\"widget\" data-widget_type=\"text-editor.default\">\n\t\t\t\t<div class=\"elementor-widget-container\">\n\t\t\t\t\t\t\t\t\tSamedi : 10H00 - 16H00\t\t\t\t\t\t\t\t<\/div>\n\t\t\t\t<\/div>\n\t\t\t\t<\/div>\n\t\t\t\t<div class=\"elementor-element elementor-element-24a5bf2 elementor-widget__width-initial elementor-widget elementor-widget-text-editor\" data-id=\"24a5bf2\" data-element_type=\"widget\" data-widget_type=\"text-editor.default\">\n\t\t\t\t<div class=\"elementor-widget-container\">\n\t\t\t\t\t\t\t\t\t<p>Ces heures pr\u00e9cisent les meilleurs moments pour nous joindre par t\u00e9l\u00e9phone ou nous rendre visite pour obtenir de l'aide.<\/p>\t\t\t\t\t\t\t\t<\/div>\n\t\t\t\t<\/div>\n\t\t\t\t<\/div>\n\t\t<div class=\"elementor-element elementor-element-e9ff95b e-con-full e-flex wpr-particle-no wpr-jarallax-no wpr-parallax-no wpr-sticky-section-no e-con e-child\" data-id=\"e9ff95b\" data-element_type=\"container\">\n\t\t\t\t<div class=\"elementor-element elementor-element-8f941ef elementor-widget elementor-widget-google_maps\" data-id=\"8f941ef\" data-element_type=\"widget\" data-widget_type=\"google_maps.default\">\n\t\t\t\t<div class=\"elementor-widget-container\">\n\t\t\t\t\t\t\t<div class=\"elementor-custom-embed\">\n\t\t\t<iframe loading=\"lazy\"\n\t\t\t\t\tsrc=\"https:\/\/maps.google.com\/maps?q=%20301%20Rue%20Omer-Deserres%20local%20105%2C%20Blainville%2C%20QC%20J7C%200K2%2C%20Canada&#038;t=m&#038;z=14&#038;output=embed&#038;iwloc=near\"\n\t\t\t\t\ttitle=\" 301 Rue Omer-Deserres local 105, Blainville, QC J7C 0K2, Canada\"\n\t\t\t\t\taria-label=\" 301 Rue Omer-Deserres local 105, Blainville, QC J7C 0K2, Canada\"\n\t\t\t><\/iframe>\n\t\t<\/div>\n\t\t\t\t\t\t<\/div>\n\t\t\t\t<\/div>\n\t\t<div class=\"elementor-element elementor-element-cd2948c e-con-full e-flex wpr-particle-no wpr-jarallax-no wpr-parallax-no wpr-sticky-section-no e-con e-child\" data-id=\"cd2948c\" data-element_type=\"container\">\n\t\t\t\t<div class=\"elementor-element elementor-element-2ee36ff elementor-widget elementor-widget-heading\" data-id=\"2ee36ff\" data-element_type=\"widget\" data-widget_type=\"heading.default\">\n\t\t\t\t<div class=\"elementor-widget-container\">\n\t\t\t\t\t<h2 class=\"elementor-heading-title elementor-size-default\">Formulaire de contact<\/h2>\t\t\t\t<\/div>\n\t\t\t\t<\/div>\n\t\t\t\t<div class=\"elementor-element elementor-element-f60019d elementor-widget elementor-widget-text-editor\" data-id=\"f60019d\" data-element_type=\"widget\" data-widget_type=\"text-editor.default\">\n\t\t\t\t<div class=\"elementor-widget-container\">\n\t\t\t\t\t\t\t\t\tRemplissez le formulaire, notre \u00e9quipe vous r\u00e9pondra dans les 24 heures.\t\t\t\t\t\t\t\t<\/div>\n\t\t\t\t<\/div>\n\t\t\t\t<div class=\"elementor-element elementor-element-2a3c2f7 elementor-button-align-stretch elementor-widget elementor-widget-form\" data-id=\"2a3c2f7\" data-element_type=\"widget\" data-settings=\"{&quot;button_width&quot;:&quot;40&quot;,&quot;step_next_label&quot;:&quot;Next&quot;,&quot;step_previous_label&quot;:&quot;Previous&quot;,&quot;step_type&quot;:&quot;number_text&quot;,&quot;step_icon_shape&quot;:&quot;circle&quot;}\" data-widget_type=\"form.default\">\n\t\t\t\t<div class=\"elementor-widget-container\">\n\t\t\t\t\t\t\t<form class=\"elementor-form\" method=\"post\" name=\"New Form\" action=\"\">\n\t\t\t<input type=\"hidden\" name=\"post_id\" value=\"22\"\/>\n\t\t\t<input type=\"hidden\" name=\"form_id\" value=\"2a3c2f7\"\/>\n\t\t\t<input type=\"hidden\" name=\"referer_title\" value=\"Contact Monster Garage | Get a free quote\" \/>\n\n\t\t\t\t\t\t\t<input type=\"hidden\" name=\"queried_id\" value=\"22\"\/>\n\t\t\t\n\t\t\t<div class=\"elementor-form-fields-wrapper elementor-labels-above\">\n\t\t\t\t\t\t\t\t<div class=\"elementor-field-type-text elementor-field-group elementor-column elementor-field-group-name elementor-col-50 elementor-field-required\">\n\t\t\t\t\t\t\t\t\t\t\t\t<label for=\"form-field-name\" class=\"elementor-field-label\">\n\t\t\t\t\t\t\t\tPr\u00e9nom\t\t\t\t\t\t\t<\/label>\n\t\t\t\t\t\t\t\t\t\t\t\t\t\t<input size=\"1\" type=\"text\" name=\"form_fields[name]\" id=\"form-field-name\" class=\"elementor-field elementor-size-sm  elementor-field-textual\" required=\"required\">\n\t\t\t\t\t\t\t\t\t\t\t<\/div>\n\t\t\t\t\t\t\t\t<div class=\"elementor-field-type-text elementor-field-group elementor-column elementor-field-group-field_be81b48 elementor-col-50 elementor-field-required\">\n\t\t\t\t\t\t\t\t\t\t\t\t<label for=\"form-field-field_be81b48\" class=\"elementor-field-label\">\n\t\t\t\t\t\t\t\tNom de famille\t\t\t\t\t\t\t<\/label>\n\t\t\t\t\t\t\t\t\t\t\t\t\t\t<input size=\"1\" type=\"text\" name=\"form_fields[field_be81b48]\" id=\"form-field-field_be81b48\" class=\"elementor-field elementor-size-sm  elementor-field-textual\" required=\"required\">\n\t\t\t\t\t\t\t\t\t\t\t<\/div>\n\t\t\t\t\t\t\t\t<div class=\"elementor-field-type-email elementor-field-group elementor-column elementor-field-group-field_9478e3a elementor-col-100 elementor-field-required\">\n\t\t\t\t\t\t\t\t\t\t\t\t<label for=\"form-field-field_9478e3a\" class=\"elementor-field-label\">\n\t\t\t\t\t\t\t\tAdresse e-mail\t\t\t\t\t\t\t<\/label>\n\t\t\t\t\t\t\t\t\t\t\t\t\t\t<input size=\"1\" type=\"email\" name=\"form_fields[field_9478e3a]\" id=\"form-field-field_9478e3a\" class=\"elementor-field elementor-size-sm  elementor-field-textual\" required=\"required\">\n\t\t\t\t\t\t\t\t\t\t\t<\/div>\n\t\t\t\t\t\t\t\t<div class=\"elementor-field-type-textarea elementor-field-group elementor-column elementor-field-group-field_b5e6653 elementor-col-100 elementor-field-required\">\n\t\t\t\t\t\t\t\t\t\t\t\t<label for=\"form-field-field_b5e6653\" class=\"elementor-field-label\">\n\t\t\t\t\t\t\t\tMessages\t\t\t\t\t\t\t<\/label>\n\t\t\t\t\t\t<textarea class=\"elementor-field-textual elementor-field  elementor-size-sm\" name=\"form_fields[field_b5e6653]\" id=\"form-field-field_b5e6653\" rows=\"5\" required=\"required\"><\/textarea>\t\t\t\t<\/div>\n\t\t\t\t\t\t\t\t<div class=\"elementor-field-group elementor-column elementor-field-type-submit elementor-col-40 e-form__buttons\">\n\t\t\t\t\t<button class=\"elementor-button elementor-size-lg\" type=\"submit\">\n\t\t\t\t\t\t<span class=\"elementor-button-content-wrapper\">\n\t\t\t\t\t\t\t\t\t\t\t\t\t\t\t\t\t\t\t\t\t\t<span class=\"elementor-button-text\">Envoyer le formulaire<\/span>\n\t\t\t\t\t\t\t\t\t\t\t\t\t<\/span>\n\t\t\t\t\t<\/button>\n\t\t\t\t<\/div>\n\t\t\t<\/div>\n\t\t<input type=\"hidden\" name=\"trp-form-language\" value=\"fr\"\/><\/form>\n\t\t\t\t\t\t<\/div>\n\t\t\t\t<\/div>\n\t\t\t\t<\/div>\n\t\t\t\t<\/div>\n\t\t\t\t\t<\/div>\n\t\t\t\t<\/div>\n\t\t\t\t<\/div>","protected":false},"excerpt":{"rendered":"<p>See the power of a garage makeover Contact Us Get in touch with us easily for any questions or information requests. Whether you prefer a quick call, email, or using our contact form, we\u2019re here to assist you! Office Location 301, local 105, Rue Omer-Deserres, Blainville, QC J7C 0K2, Canada Email Addressinfo@garagemonster.com Office Phone 1 (888) 968-5685 Phone Support Monday to Friday: 9:00 AM \u2013 6:00 PMSaturday: 10:00 AM \u2013 4:00 PM These hours specify the best times to reach us by phone or visit our office for assistance. Contact Form Fill up the form our team will get back to you within 24 Hours.<\/p>","protected":false},"author":2,"featured_media":0,"parent":0,"menu_order":0,"comment_status":"closed","ping_status":"closed","template":"","meta":{"_acf_changed":false,"footnotes":""},"class_list":["post-22","page","type-page","status-publish","hentry"],"acf":[],"yoast_head":"<!-- This site is optimized with the Yoast SEO plugin v25.7 - https:\/\/yoast.com\/wordpress\/plugins\/seo\/ -->\n<title>Contact Monster Garage | Get a free quote<\/title>\n<meta name=\"description\" content=\"Contact Monster Garage for a personal consultation and find out how we can transform your garage.\" \/>\n<meta name=\"robots\" content=\"index, follow, max-snippet:-1, max-image-preview:large, max-video-preview:-1\" \/>\n<link rel=\"canonical\" href=\"https:\/\/garagemonster.com\/fr\/nous-contacter\/\" \/>\n<meta property=\"og:locale\" content=\"fr_CA\" \/>\n<meta property=\"og:type\" content=\"article\" \/>\n<meta property=\"og:title\" content=\"Contact Monster Garage | Get a free quote\" \/>\n<meta property=\"og:description\" content=\"Contact Monster Garage for a personal consultation and find out how we can transform your garage.\" \/>\n<meta property=\"og:url\" content=\"https:\/\/garagemonster.com\/fr\/nous-contacter\/\" \/>\n<meta property=\"og:site_name\" content=\"Garage Monster\" \/>\n<meta property=\"article:publisher\" content=\"https:\/\/www.facebook.com\/garagemonsterepoxyfloor\/\" \/>\n<meta property=\"article:modified_time\" content=\"2025-03-10T14:49:55+00:00\" \/>\n<meta name=\"twitter:card\" content=\"summary_large_image\" \/>\n<meta name=\"twitter:label1\" content=\"Estimation du temps de lecture\" \/>\n\t<meta name=\"twitter:data1\" content=\"1 minute\" \/>\n<script type=\"application\/ld+json\" class=\"yoast-schema-graph\">{\"@context\":\"https:\/\/schema.org\",\"@graph\":[{\"@type\":\"WebPage\",\"@id\":\"https:\/\/garagemonster.com\/contact-us\/\",\"url\":\"https:\/\/garagemonster.com\/contact-us\/\",\"name\":\"Contact Monster Garage | Get a free quote\",\"isPartOf\":{\"@id\":\"https:\/\/garagemonster.com\/#website\"},\"datePublished\":\"2024-11-14T19:36:23+00:00\",\"dateModified\":\"2025-03-10T14:49:55+00:00\",\"description\":\"Contact Monster Garage for a personal consultation and find out how we can transform your garage.\",\"breadcrumb\":{\"@id\":\"https:\/\/garagemonster.com\/contact-us\/#breadcrumb\"},\"inLanguage\":\"fr-CA\",\"potentialAction\":[{\"@type\":\"ReadAction\",\"target\":[\"https:\/\/garagemonster.com\/contact-us\/\"]}]},{\"@type\":\"BreadcrumbList\",\"@id\":\"https:\/\/garagemonster.com\/contact-us\/#breadcrumb\",\"itemListElement\":[{\"@type\":\"ListItem\",\"position\":1,\"name\":\"Home\",\"item\":\"https:\/\/garagemonster.com\/\"},{\"@type\":\"ListItem\",\"position\":2,\"name\":\"Contact Us\"}]},{\"@type\":\"WebSite\",\"@id\":\"https:\/\/garagemonster.com\/#website\",\"url\":\"https:\/\/garagemonster.com\/\",\"name\":\"Garage Monster\",\"description\":\"\",\"publisher\":{\"@id\":\"https:\/\/garagemonster.com\/#organization\"},\"potentialAction\":[{\"@type\":\"SearchAction\",\"target\":{\"@type\":\"EntryPoint\",\"urlTemplate\":\"https:\/\/garagemonster.com\/?s={search_term_string}\"},\"query-input\":{\"@type\":\"PropertyValueSpecification\",\"valueRequired\":true,\"valueName\":\"search_term_string\"}}],\"inLanguage\":\"fr-CA\"},{\"@type\":\"Organization\",\"@id\":\"https:\/\/garagemonster.com\/#organization\",\"name\":\"Garage Monster\",\"url\":\"https:\/\/garagemonster.com\/\",\"logo\":{\"@type\":\"ImageObject\",\"inLanguage\":\"fr-CA\",\"@id\":\"https:\/\/garagemonster.com\/#\/schema\/logo\/image\/\",\"url\":\"https:\/\/garagemonster.com\/wp-content\/uploads\/2024\/11\/cropped-logo.png\",\"contentUrl\":\"https:\/\/garagemonster.com\/wp-content\/uploads\/2024\/11\/cropped-logo.png\",\"width\":173,\"height\":92,\"caption\":\"Garage Monster\"},\"image\":{\"@id\":\"https:\/\/garagemonster.com\/#\/schema\/logo\/image\/\"},\"sameAs\":[\"https:\/\/www.facebook.com\/garagemonsterepoxyfloor\/\"]}]}<\/script>\n<!-- \/ Yoast SEO plugin. -->","yoast_head_json":{"title":"Contacter Monster Garage | Obtenir un devis gratuit","description":"Contactez Monster Garage pour un entretien personnalis\u00e9 et d\u00e9couvrez comment nous pouvons transformer votre garage.","robots":{"index":"index","follow":"follow","max-snippet":"max-snippet:-1","max-image-preview":"max-image-preview:large","max-video-preview":"max-video-preview:-1"},"canonical":"https:\/\/garagemonster.com\/fr\/nous-contacter\/","og_locale":"fr_CA","og_type":"article","og_title":"Contact Monster Garage | Get a free quote","og_description":"Contact Monster Garage for a personal consultation and find out how we can transform your garage.","og_url":"https:\/\/garagemonster.com\/fr\/nous-contacter\/","og_site_name":"Garage Monster","article_publisher":"https:\/\/www.facebook.com\/garagemonsterepoxyfloor\/","article_modified_time":"2025-03-10T14:49:55+00:00","twitter_card":"summary_large_image","twitter_misc":{"Estimation du temps de lecture":"1 minute"},"schema":{"@context":"https:\/\/schema.org","@graph":[{"@type":"WebPage","@id":"https:\/\/garagemonster.com\/contact-us\/","url":"https:\/\/garagemonster.com\/contact-us\/","name":"Contacter Monster Garage | Obtenir un devis gratuit","isPartOf":{"@id":"https:\/\/garagemonster.com\/#website"},"datePublished":"2024-11-14T19:36:23+00:00","dateModified":"2025-03-10T14:49:55+00:00","description":"Contactez Monster Garage pour un entretien personnalis\u00e9 et d\u00e9couvrez comment nous pouvons transformer votre garage.","breadcrumb":{"@id":"https:\/\/garagemonster.com\/contact-us\/#breadcrumb"},"inLanguage":"fr-CA","potentialAction":[{"@type":"ReadAction","target":["https:\/\/garagemonster.com\/contact-us\/"]}]},{"@type":"BreadcrumbList","@id":"https:\/\/garagemonster.com\/contact-us\/#breadcrumb","itemListElement":[{"@type":"ListItem","position":1,"name":"Home","item":"https:\/\/garagemonster.com\/"},{"@type":"ListItem","position":2,"name":"Contact Us"}]},{"@type":"WebSite","@id":"https:\/\/garagemonster.com\/#website","url":"https:\/\/garagemonster.com\/","name":"Garage Monster","description":"","publisher":{"@id":"https:\/\/garagemonster.com\/#organization"},"potentialAction":[{"@type":"SearchAction","target":{"@type":"EntryPoint","urlTemplate":"https:\/\/garagemonster.com\/?s={search_term_string}"},"query-input":{"@type":"PropertyValueSpecification","valueRequired":true,"valueName":"search_term_string"}}],"inLanguage":"fr-CA"},{"@type":"Organization","@id":"https:\/\/garagemonster.com\/#organization","name":"Garage Monster","url":"https:\/\/garagemonster.com\/","logo":{"@type":"ImageObject","inLanguage":"fr-CA","@id":"https:\/\/garagemonster.com\/#\/schema\/logo\/image\/","url":"https:\/\/garagemonster.com\/wp-content\/uploads\/2024\/11\/cropped-logo.png","contentUrl":"https:\/\/garagemonster.com\/wp-content\/uploads\/2024\/11\/cropped-logo.png","width":173,"height":92,"caption":"Garage Monster"},"image":{"@id":"https:\/\/garagemonster.com\/#\/schema\/logo\/image\/"},"sameAs":["https:\/\/www.facebook.com\/garagemonsterepoxyfloor\/"]}]}},"_links":{"self":[{"href":"https:\/\/garagemonster.com\/fr\/wp-json\/wp\/v2\/pages\/22","targetHints":{"allow":["GET"]}}],"collection":[{"href":"https:\/\/garagemonster.com\/fr\/wp-json\/wp\/v2\/pages"}],"about":[{"href":"https:\/\/garagemonster.com\/fr\/wp-json\/wp\/v2\/types\/page"}],"author":[{"embeddable":true,"href":"https:\/\/garagemonster.com\/fr\/wp-json\/wp\/v2\/users\/2"}],"replies":[{"embeddable":true,"href":"https:\/\/garagemonster.com\/fr\/wp-json\/wp\/v2\/comments?post=22"}],"version-history":[{"count":0,"href":"https:\/\/garagemonster.com\/fr\/wp-json\/wp\/v2\/pages\/22\/revisions"}],"wp:attachment":[{"href":"https:\/\/garagemonster.com\/fr\/wp-json\/wp\/v2\/media?parent=22"}],"curies":[{"name":"wp","href":"https:\/\/api.w.org\/{rel}","templated":true}]}}